{"id":1617,"date":"2017-04-12T21:18:36","date_gmt":"2017-04-12T20:18:36","guid":{"rendered":"http:\/\/www.mivtrade.cz\/?page_id=1617"},"modified":"2019-02-22T23:56:06","modified_gmt":"2019-02-22T22:56:06","slug":"leseni","status":"publish","type":"page","link":"https:\/\/www.mivtrade.cz\/?page_id=1617","title":{"rendered":"Le\u0161en\u00ed"},"content":{"rendered":"<h4 style=\"text-align: center;\"><\/h4>\n<h4 style=\"text-align: center;\"><span style=\"color: #808080;\"><strong>Stavebn\u00ed firma <span style=\"color: #ff0000;\">M<\/span>IV\u00a0<span style=\"color: #ff0000;\">T<\/span>rade prov\u00e1d\u00ed mont\u00e1\u017e le\u0161en\u00ed a pron\u00e1jem le\u0161en\u00ed:<\/strong><\/span><\/h4>\n<table border=\"0\" cellspacing=\"0\" cellpadding=\"0\">\n<tbody>\n<tr>\n<td>\n<ul>\n<li><b>Pron\u00e1jem le\u0161en\u00ed<\/b> (Brno, Blansko, Vy\u0161kov, Boskovice, Adamov).<\/li>\n<\/ul>\n<\/td>\n<td>\n<ul>\n<li><b>Mont\u00e1\u017e le\u0161en\u00ed<\/b> (Brno,Blansko, Vy\u0161kov, Boskovice)<\/li>\n<\/ul>\n<\/td>\n<\/tr>\n<\/tbody>\n<\/table>\n<p><span style=\"color: #ff0000;\"><strong>U na\u0161\u00ed stavebn\u00ed firmy m\u016f\u017eete objednat<\/strong><\/span>\u00a0tak\u00e9 zemn\u00ed, v\u00fdkopov\u00e9 a pomocn\u00e9 pr\u00e1ce, demolice, bour\u00e1n\u00ed a likvidace objekt\u016f. Realizujeme tak\u00e9 odvoz suti v oblastech Brno, Blansko, Vy\u0161kov, Boskovice, Adamov a okol\u00ed.\u00a0<a href=\"http:\/\/www.mivtrade.cz\/wp-content\/uploads\/2017\/04\/Bez-n\u00e1zvu.jpg\"><img loading=\"lazy\" class=\"size-medium wp-image-1811 alignleft\" alt=\"Bez n\u00e1zvu\" src=\"http:\/\/www.mivtrade.cz\/wp-content\/uploads\/2017\/04\/Bez-n\u00e1zvu-300x181.jpg\" width=\"300\" height=\"181\" srcset=\"https:\/\/www.mivtrade.cz\/wp-content\/uploads\/2017\/04\/Bez-n\u00e1zvu-300x181.jpg 300w, https:\/\/www.mivtrade.cz\/wp-content\/uploads\/2017\/04\/Bez-n\u00e1zvu-1024x618.jpg 1024w\" sizes=\"(max-width: 300px) 100vw, 300px\" \/><\/a><\/p>\n<p style=\"text-align: justify;\">Mimo v\u00fd\u0161e uveden\u00fdch \u010dinnost\u00ed realizuje stavebn\u00ed firma MIV Trade tak\u00e9 ve\u0161ker\u00e9 slu\u017eby souvisej\u00edc\u00ed se zateplov\u00e1n\u00edm, izolacemi, realizacemi st\u0159ech a fas\u00e1d. V p\u0159\u00edpad\u011b z\u00e1jmu z\u00edsk\u00e1te v\u00edce informac\u00ed na n\u00ed\u017ee uveden\u00fdch odkazech:<\/p>\n<table border=\"1\" cellspacing=\"0\" cellpadding=\"1\">\n<tbody>\n<tr>\n<td><span style=\"text-decoration: underline;\"><strong><span style=\"color: #888888; text-decoration: underline;\"><a href=\"http:\/\/www.mivtrade.cz\/?page_id=66\"><span style=\"color: #888888; text-decoration: underline;\"><span style=\"color: #ff0000; text-decoration: underline;\">St\u0159echy<\/span> Brno, Blansko, Vy\u0161kov, Boskovice, Adamov<\/span><\/a><\/span><\/strong><\/span><\/td>\n<td><span style=\"text-decoration: underline;\"><strong><span style=\"color: #888888; text-decoration: underline;\"><a href=\"http:\/\/www.mivtrade.cz\/?page_id=69\"><span style=\"color: #888888; text-decoration: underline;\"><span style=\"color: #ff0000; text-decoration: underline;\">Fas\u00e1dy<\/span> Brno, Blansko, Vy\u0161kov, Boskovice, Adamov<\/span><\/a><\/span><\/strong><\/span><\/td>\n<td><a title=\"Izolace\" href=\"http:\/\/www.mivtrade.cz\/?page_id=70\"><span style=\"text-decoration: underline;\"><strong><span style=\"color: #888888; text-decoration: underline;\"><span style=\"color: #888888; text-decoration: underline;\"><span style=\"color: #ff0000; text-decoration: underline;\">I<\/span><span style=\"color: #ff0000; text-decoration: underline;\">zolace<\/span> Brno, Blansko, Vy\u0161kov, Boskovice, Adamov<\/span><\/span><\/strong><\/span><\/a><\/td>\n<\/tr>\n<\/tbody>\n<\/table>\n<p style=\"text-align: justify;\">Ceny za p\u016fj\u010den\u00ed jsou b\u011b\u017en\u00e9 pro p\u016fj\u010dovny stavebn\u00edch pom\u016fcek.<\/p>\n<pre><span style=\"color: #888888;\">V p\u0159\u00edpad\u011b z\u00e1jmu\u00a0obratem za\u0161leme podrobn\u00fd cen\u00edk kontaktujte n\u00e1s <a title=\"info@mivtrade.cz\" href=\"mailto:info@mivtrade.cz\" target=\"_blank\">emailem<\/a> nebo na telefonu 602 736 433.<\/span><\/pre>\n","protected":false},"excerpt":{"rendered":"<p>Stavebn\u00ed firma MIV\u00a0Trade prov\u00e1d\u00ed mont\u00e1\u017e le\u0161en\u00ed a pron\u00e1jem le\u0161en\u00ed: Pron\u00e1jem le\u0161en\u00ed (Brno, Blansko, Vy\u0161kov, Boskovice, Adamov). Mont\u00e1\u017e le\u0161en\u00ed (Brno,Blansko, Vy\u0161kov, Boskovice) U na\u0161\u00ed stavebn\u00ed firmy m\u016f\u017eete objednat\u00a0tak\u00e9 zemn\u00ed, v\u00fdkopov\u00e9 a pomocn\u00e9 pr\u00e1ce, demolice, bour\u00e1n\u00ed a likvidace objekt\u016f. Realizujeme tak\u00e9 odvoz suti v oblastech Brno, Blansko, Vy\u0161kov, Boskovice, Adamov a okol\u00ed.\u00a0 Mimo v\u00fd\u0161e uveden\u00fdch \u010dinnost\u00ed realizuje [&hellip;]<\/p>\n","protected":false},"author":1,"featured_media":0,"parent":0,"menu_order":0,"comment_status":"closed","ping_status":"open","template":"","meta":[],"aioseo_notices":[],"_links":{"self":[{"href":"https:\/\/www.mivtrade.cz\/index.php?rest_route=\/wp\/v2\/pages\/1617"}],"collection":[{"href":"https:\/\/www.mivtrade.cz\/index.php?rest_route=\/wp\/v2\/pages"}],"about":[{"href":"https:\/\/www.mivtrade.cz\/index.php?rest_route=\/wp\/v2\/types\/page"}],"author":[{"embeddable":true,"href":"https:\/\/www.mivtrade.cz\/index.php?rest_route=\/wp\/v2\/users\/1"}],"replies":[{"embeddable":true,"href":"https:\/\/www.mivtrade.cz\/index.php?rest_route=%2Fwp%2Fv2%2Fcomments&post=1617"}],"version-history":[{"count":7,"href":"https:\/\/www.mivtrade.cz\/index.php?rest_route=\/wp\/v2\/pages\/1617\/revisions"}],"predecessor-version":[{"id":2289,"href":"https:\/\/www.mivtrade.cz\/index.php?rest_route=\/wp\/v2\/pages\/1617\/revisions\/2289"}],"wp:attachment":[{"href":"https:\/\/www.mivtrade.cz\/index.php?rest_route=%2Fwp%2Fv2%2Fmedia&parent=1617"}],"curies":[{"name":"wp","href":"https:\/\/api.w.org\/{rel}","templated":true}]}}