{"id":448,"date":"2014-03-11T19:29:42","date_gmt":"2014-03-11T18:29:42","guid":{"rendered":"http:\/\/www.mivtrade.cz\/?page_id=448"},"modified":"2016-02-01T23:56:09","modified_gmt":"2016-02-01T22:56:09","slug":"pouzivame-tyto-materialy","status":"publish","type":"page","link":"https:\/\/www.mivtrade.cz\/?page_id=448","title":{"rendered":"Materi\u00e1l oplechov\u00e1n\u00ed st\u0159ech &#8211; okna"},"content":{"rendered":"<pre style=\"text-align: center;\"><\/pre>\n<figure id=\"attachment_533\" aria-describedby=\"caption-attachment-533\" style=\"width: 300px\" class=\"wp-caption alignleft\"><a href=\"http:\/\/www.mivtrade.cz\/wp-content\/uploads\/2014\/02\/P1050616.jpg\"><img loading=\"lazy\" class=\"size-medium wp-image-533 \" alt=\"Klemp\u00ed\u0159sk\u00e9 prvky, n\u00e1t\u011bry, fas\u00e1dn\u00ed zapraven\u00ed\" src=\"http:\/\/www.mivtrade.cz\/wp-content\/uploads\/2014\/02\/P1050616-300x202.jpg\" width=\"300\" height=\"202\" srcset=\"https:\/\/www.mivtrade.cz\/wp-content\/uploads\/2014\/02\/P1050616-300x202.jpg 300w, https:\/\/www.mivtrade.cz\/wp-content\/uploads\/2014\/02\/P1050616-1024x689.jpg 1024w, https:\/\/www.mivtrade.cz\/wp-content\/uploads\/2014\/02\/P1050616.jpg 1280w\" sizes=\"(max-width: 300px) 100vw, 300px\" \/><\/a><figcaption id=\"caption-attachment-533\" class=\"wp-caption-text\">Klemp\u00ed\u0159sk\u00e9 prvky, n\u00e1t\u011bry, fas\u00e1dn\u00ed zapraven\u00ed<\/figcaption><\/figure>\n<pre style=\"text-align: center;\"><span style=\"color: #ff0000;\">Nab\u00edz\u00edme tyto druhy materi\u00e1l\u016f na oplechov\u00e1n\u00ed st\u0159ech a st\u0159e\u0161n\u00ed okna t\u011bchto zna\u010dek<\/span><\/pre>\n<table border=\"1\" cellspacing=\"0\" cellpadding=\"1\">\n<tbody>\n<tr>\n<td>\n<h6><span style=\"color: #888888;\"><strong>OPLECHOV\u00c1N\u00cd ST\u0158ECH<\/strong><\/span><\/h6>\n<\/td>\n<td>\n<h6><span style=\"color: #888888;\"><strong>ST\u0158E\u0160N\u00cd OKNA<\/strong><\/span><\/h6>\n<\/td>\n<\/tr>\n<tr>\n<td>\n<ul>\n<ul>\n<li>SAG<\/li>\n<li>MARLEY<\/li>\n<li>LINDAB<\/li>\n<li>ISOLA<\/li>\n<li>VYPLANIL<\/li>\n<\/ul>\n<\/ul>\n<\/td>\n<td>\n<ul>\n<li>VELUX<\/li>\n<li>KUBESO<\/li>\n<li>ROTO<\/li>\n<\/ul>\n<\/td>\n<\/tr>\n<\/tbody>\n<\/table>\n<p><a href=\"http:\/\/www.mivtrade.cz\/wp-content\/uploads\/2014\/02\/strok.jpg\"><img loading=\"lazy\" class=\"alignleft size-full wp-image-231\" alt=\"strok\" src=\"http:\/\/www.mivtrade.cz\/wp-content\/uploads\/2014\/02\/strok.jpg\" width=\"930\" height=\"100\" srcset=\"https:\/\/www.mivtrade.cz\/wp-content\/uploads\/2014\/02\/strok.jpg 930w, https:\/\/www.mivtrade.cz\/wp-content\/uploads\/2014\/02\/strok-300x32.jpg 300w\" sizes=\"(max-width: 930px) 100vw, 930px\" \/><\/a><\/p>\n<table border=\"1\" cellspacing=\"0\" cellpadding=\"1\">\n<tbody>\n<tr>\n<td><strong><span style=\"color: #888888;\"><a href=\"http:\/\/www.mivtrade.cz\/?page_id=93\"><span style=\"color: #888888;\"><span style=\"color: #ff0000;\">Stavebn\u00ed pr\u00e1ce<\/span> Brno, Blansko, Vy\u0161kov, Boskovice, Adamov<\/span><\/a><\/span><\/strong><\/td>\n<td><strong><span style=\"color: #888888;\"><a href=\"http:\/\/www.mivtrade.cz\/?page_id=69\"><span style=\"color: #888888;\"><span style=\"color: #ff0000;\">Fas\u00e1dy<\/span> Brno, Blansko, Vy\u0161kov, Boskovice, Adamov\u00a0<\/span><\/a><\/span><\/strong><\/td>\n<td><strong><span style=\"color: #888888;\"><a href=\"http:\/\/www.mivtrade.cz\/?page_id=70\"><span style=\"color: #888888;\"><span style=\"color: #ff0000;\">Izolace<\/span> Brno, Blansko, Vy\u0161kov, Boskovice, Adamov<\/span><\/a><\/span><\/strong><\/td>\n<\/tr>\n<\/tbody>\n<\/table>\n<pre>V p\u0159\u00edpad\u011b z\u00e1jmu o na\u0161e slu\u017eby n\u00e1s kontaktujte <a title=\"info@mivtrade.cz\" href=\"mailto:info@mivtrade.cz\" target=\"_blank\">emailem<\/a> nebo na telefonu 602 736 433.<\/pre>\n","protected":false},"excerpt":{"rendered":"<p>Nab\u00edz\u00edme tyto druhy materi\u00e1l\u016f na oplechov\u00e1n\u00ed st\u0159ech a st\u0159e\u0161n\u00ed okna t\u011bchto zna\u010dek OPLECHOV\u00c1N\u00cd ST\u0158ECH ST\u0158E\u0160N\u00cd OKNA SAG MARLEY LINDAB ISOLA VYPLANIL VELUX KUBESO ROTO Stavebn\u00ed pr\u00e1ce Brno, Blansko, Vy\u0161kov, Boskovice, Adamov Fas\u00e1dy Brno, Blansko, Vy\u0161kov, Boskovice, Adamov\u00a0 Izolace Brno, Blansko, Vy\u0161kov, Boskovice, Adamov V p\u0159\u00edpad\u011b z\u00e1jmu o na\u0161e slu\u017eby n\u00e1s kontaktujte emailem nebo na telefonu [&hellip;]<\/p>\n","protected":false},"author":1,"featured_media":0,"parent":66,"menu_order":0,"comment_status":"closed","ping_status":"closed","template":"","meta":[],"aioseo_notices":[],"_links":{"self":[{"href":"https:\/\/www.mivtrade.cz\/index.php?rest_route=\/wp\/v2\/pages\/448"}],"collection":[{"href":"https:\/\/www.mivtrade.cz\/index.php?rest_route=\/wp\/v2\/pages"}],"about":[{"href":"https:\/\/www.mivtrade.cz\/index.php?rest_route=\/wp\/v2\/types\/page"}],"author":[{"embeddable":true,"href":"https:\/\/www.mivtrade.cz\/index.php?rest_route=\/wp\/v2\/users\/1"}],"replies":[{"embeddable":true,"href":"https:\/\/www.mivtrade.cz\/index.php?rest_route=%2Fwp%2Fv2%2Fcomments&post=448"}],"version-history":[{"count":12,"href":"https:\/\/www.mivtrade.cz\/index.php?rest_route=\/wp\/v2\/pages\/448\/revisions"}],"predecessor-version":[{"id":450,"href":"https:\/\/www.mivtrade.cz\/index.php?rest_route=\/wp\/v2\/pages\/448\/revisions\/450"}],"up":[{"embeddable":true,"href":"https:\/\/www.mivtrade.cz\/index.php?rest_route=\/wp\/v2\/pages\/66"}],"wp:attachment":[{"href":"https:\/\/www.mivtrade.cz\/index.php?rest_route=%2Fwp%2Fv2%2Fmedia&parent=448"}],"curies":[{"name":"wp","href":"https:\/\/api.w.org\/{rel}","templated":true}]}}