{"id":66,"date":"2014-02-23T23:13:49","date_gmt":"2014-02-23T22:13:49","guid":{"rendered":"http:\/\/www.mivtrade.cz\/?page_id=66"},"modified":"2016-02-01T23:53:00","modified_gmt":"2016-02-01T22:53:00","slug":"strechy","status":"publish","type":"page","link":"https:\/\/www.mivtrade.cz\/?page_id=66","title":{"rendered":"St\u0159echy"},"content":{"rendered":"<h4 style=\"text-align: center;\"><span style=\"color: #888888;\"><span style=\"color: #ff0000;\"><strong><a href=\"http:\/\/www.mivtrade.cz\/wp-content\/uploads\/2014\/02\/P7270594.jpg\"><img loading=\"lazy\" class=\"size-medium wp-image-753 alignright\" alt=\"OLYMPUS DIGITAL CAMERA\" src=\"http:\/\/www.mivtrade.cz\/wp-content\/uploads\/2014\/02\/P7270594-300x225.jpg\" width=\"300\" height=\"225\" srcset=\"https:\/\/www.mivtrade.cz\/wp-content\/uploads\/2014\/02\/P7270594-300x225.jpg 300w, https:\/\/www.mivtrade.cz\/wp-content\/uploads\/2014\/02\/P7270594-1024x768.jpg 1024w, https:\/\/www.mivtrade.cz\/wp-content\/uploads\/2014\/02\/P7270594.jpg 1280w\" sizes=\"(max-width: 300px) 100vw, 300px\" \/><\/a>M<\/strong><\/span><strong>IV <span style=\"color: #ff0000;\">T<\/span>rade \u2013 st\u0159echy<\/strong><\/span><\/h4>\n<p style=\"text-align: justify;\"><strong>P\u0159em\u00fd\u0161l\u00edte o nov\u00e9 st\u0159e\u0161e<\/strong> nebo pot\u0159ebujete zrekonstruovat a upravit va\u0161i starou st\u0159echu? Hled\u00e1te specialistu na ve\u0161ker\u00e9 pr\u00e1ce souvisej\u00edc\u00ed se st\u0159echami a bydl\u00edte v okrese\u00a0<strong>Brno, Blansko, Vy\u0161kov, Boskovice, Adamov a okol\u00ed<\/strong>? Kvalitn\u011b a za dobrou cenu v\u00e1m va\u0161i st\u0159echu oprav\u00edme nebo postav\u00edm kompletn\u00ed novou st\u0159echu. Obra\u0165te se na na\u0161i firmu a objednejte si klemp\u00ed\u0159sk\u00e9, izolat\u00e9rsk\u00e9, tesa\u0159sk\u00e9 a pokr\u00fdva\u010dsk\u00e9 pr\u00e1ce \u2013 m\u016f\u017eete se tak spolehnout na dob\u0159e odvedenou pr\u00e1ci ve smluven\u00e9m term\u00ednu.<\/p>\n<pre style=\"text-align: center;\"><span style=\"color: #ff0000;\">PLOCH\u00c9 i \u0160IKM\u00c9 st\u0159echy\u00a0<\/span><\/pre>\n<p style=\"text-align: justify;\"><span style=\"color: #333333;\"><strong>V\u011b\u0159te expert\u016fm<\/strong> na ploch\u00e9 i \u0161ikm\u00e9 st\u0159echy, kter\u00e9 pro v\u00e1s bez probl\u00e9m\u016f zhotov\u00edme na m\u00edru. Doporu\u010d\u00edme v\u00e1m nejvhodn\u011bj\u0161\u00ed \u0159e\u0161en\u00ed a pom\u016f\u017eeme s v\u00fdb\u011brem konkr\u00e9tn\u00edho materi\u00e1lu. Na\u0161ich odborn\u00fdch znalost\u00ed m\u016f\u017eete vyu\u017e\u00edt tak\u00e9 v p\u0159\u00edpad\u011b\u00a0<strong>opravy st\u0159echy<\/strong>. Ve\u0161ker\u00e9 realizace st\u0159ech prov\u00e1d\u00edme p\u0159edev\u0161\u00edm pro oblast Brno, Blansko, Vy\u0161kov, Boskovice, Adamov a bl\u00edzk\u00e9 okol\u00ed.<\/span><\/p>\n<pre style=\"text-align: center;\"><span style=\"color: #ff0000;\">KLEMP\u00cd\u0158SK\u00c9 PR\u00c1CE - st\u0159echy\u00a0<\/span><\/pre>\n<p>Kvalitn\u00ed klemp\u00ed\u0159sk\u00e1 pr\u00e1ce je z\u00e1kladem spolehliv\u00e9 st\u0159echy! Zaji\u0161\u0165ujeme n\u00ed\u017ee uveden\u00e9 druhy klemp\u00ed\u0159sk\u00fdch prac\u00ed:<\/p>\n<table border=\"1\" cellspacing=\"0\" cellpadding=\"1\">\n<tbody>\n<tr>\n<td><span style=\"color: #888888;\"><strong>PLECHOV\u00c9 KRYTINY Z NEKONE\u010cN\u00ddCH P\u00c1S\u016e<\/strong><\/span><\/td>\n<td><span style=\"color: #888888;\"><strong>VZDUCHOTECHNIKA<\/strong><\/span><\/td>\n<\/tr>\n<tr>\n<td><a title=\"http:\/\/www.mivtrade.cz\/?page_id=448\" href=\"http:\/\/www.mivtrade.cz\/?page_id=448\"><span style=\"color: #888888;\"><strong>OPLECHOV\u00c1N\u00cd ST\u0158ECH<img loading=\"lazy\" class=\"alignnone  wp-image-367\" style=\"margin: -5px 10px;\" alt=\"sipka1\" src=\"http:\/\/www.mivtrade.cz\/wp-content\/uploads\/2014\/03\/sipka1.gif\" width=\"18\" height=\"14\" \/><\/strong><\/span><\/a><\/td>\n<td><a title=\"http:\/\/www.mivtrade.cz\/?page_id=448\" href=\"http:\/\/www.mivtrade.cz\/?page_id=448\"><span style=\"color: #888888;\"><strong>ST\u0158E\u0160N\u00cd OKNA<img loading=\"lazy\" class=\"alignnone  wp-image-367\" style=\"margin: -5px 10px;\" alt=\"sipka1\" src=\"http:\/\/www.mivtrade.cz\/wp-content\/uploads\/2014\/03\/sipka1.gif\" width=\"17\" height=\"14\" \/><\/strong><\/span><\/a><\/td>\n<\/tr>\n<\/tbody>\n<\/table>\n<p><span style=\"color: #888888;\">V p\u0159\u00edpad\u011b v\u00fdstavby a rekonstrukc\u00ed st\u0159ech pro v\u00e1s zajist\u00edme tak\u00e9 odborn\u00e9 posudky stavu st\u0159echy a odbornou poradenskou \u010dinnost pro posouzen\u00ed nov\u00e9 v\u00fdstavby st\u0159echy.<\/span><\/p>\n<pre style=\"text-align: center;\"><span style=\"color: #ff0000;\">POKR\u00ddVA\u010cSK\u00c9 PR\u00c1CE - st\u0159echy\u00a0<\/span><\/pre>\n<p><span style=\"color: #888888;\">Prov\u00e1d\u00edme kompletn\u00ed pokr\u00fdva\u010dsk\u00e9 pr\u00e1ce st\u0159ech. K tomuto \u00fa\u010delu pou\u017e\u00edv\u00e1me n\u00e1sleduj\u00edc\u00ed st\u0159e\u0161n\u00ed krytiny:<\/span><\/p>\n<table border=\"1\" cellspacing=\"0\" cellpadding=\"1\">\n<tbody>\n<tr>\n<td><a title=\"http:\/\/www.mivtrade.cz\/?page_id=455\" href=\"http:\/\/www.mivtrade.cz\/?page_id=455\"><span style=\"color: #888888;\"><strong>St\u0159e\u0161n\u00ed ta\u0161ky<\/strong><\/span><\/a><\/td>\n<td><a title=\"http:\/\/www.mivtrade.cz\/?page_id=455\" href=\"http:\/\/www.mivtrade.cz\/?page_id=455\"><span style=\"color: #888888;\"><strong>P\u00e1len\u00e9 st\u0159e\u0161n\u00ed ta\u0161ky<\/strong><\/span><\/a><\/td>\n<td><a title=\"http:\/\/www.mivtrade.cz\/?page_id=455\" href=\"http:\/\/www.mivtrade.cz\/?page_id=455\"><span style=\"color: #888888;\"><strong>Betonov\u00e9 st\u0159e\u0161n\u00ed ta\u0161ky<\/strong><\/span><\/a><\/td>\n<\/tr>\n<tr>\n<td><a title=\"http:\/\/www.mivtrade.cz\/?page_id=455\" href=\"http:\/\/www.mivtrade.cz\/?page_id=455\"><span style=\"color: #888888;\"><strong>Povlakov\u00e9 st\u0159e\u0161n\u00ed krytiny<\/strong><\/span><\/a><\/td>\n<td><a title=\"http:\/\/www.mivtrade.cz\/?page_id=455\" href=\"http:\/\/www.mivtrade.cz\/?page_id=455\"><span style=\"color: #888888;\"><strong>Lehk\u00e9 st\u0159e\u0161n\u00ed ta\u0161ky<\/strong><\/span><\/a><\/td>\n<td><a title=\"http:\/\/www.mivtrade.cz\/?page_id=455\" href=\"http:\/\/www.mivtrade.cz\/?page_id=455\"><span style=\"color: #888888;\"><strong>V\u00edce zde<img loading=\"lazy\" class=\"alignnone  wp-image-367\" style=\"margin: -5px 10px;\" alt=\"sipka1\" src=\"http:\/\/www.mivtrade.cz\/wp-content\/uploads\/2014\/03\/sipka1.gif\" width=\"17\" height=\"14\" \/><\/strong><\/span><\/a><\/td>\n<\/tr>\n<\/tbody>\n<\/table>\n<pre style=\"text-align: center;\"><span style=\"color: #ff0000;\">IZOLAT\u00c9RSK\u00c9 PR\u00c1CE - st\u0159echy<\/span><\/pre>\n<p><span style=\"color: #888888;\">Pro izolaci st\u0159ech pou\u017e\u00edv\u00e1me n\u00ed\u017ee uveden\u00e9 f\u00f3lie:<\/span><\/p>\n<table border=\"1\" cellspacing=\"0\" cellpadding=\"1\">\n<tbody>\n<tr>\n<td>\n<ul>\n<li><span style=\"color: #888888;\">ALKOPRAN<\/span><\/li>\n<\/ul>\n<\/td>\n<td>\n<ul>\n<li><span style=\"color: #888888;\">FATRAFOL<\/span><\/li>\n<\/ul>\n<\/td>\n<td>\n<ul>\n<li><span style=\"color: #888888;\">SERNAFIL<\/span><\/li>\n<\/ul>\n<\/td>\n<\/tr>\n<\/tbody>\n<\/table>\n<pre style=\"text-align: center;\"><span style=\"color: #ff0000;\">TESA\u0158SK\u00c9 PR\u00c1CE \u2013 st\u0159echy\u00a0<\/span><\/pre>\n<p><span style=\"color: #888888;\">P\u0159i renovaci \u010di stavb\u011b nov\u00fdch st\u0159ech zaji\u0161\u0165ujeme \u0161irok\u00e9 spektrum tesa\u0159sk\u00fdch prac\u00ed.<\/span><\/p>\n<table border=\"1\" cellspacing=\"0\" cellpadding=\"1\">\n<tbody>\n<tr>\n<td>\n<ul>\n<li><span style=\"color: #888888;\">ST\u0158E\u0160N\u00cd KROVY V\u010cETN\u011a LA\u0164OV\u00c1N\u00cd, F\u00d3LIOV\u00c1N\u00cd<\/span><\/li>\n<\/ul>\n<\/td>\n<td>\n<ul>\n<li><span style=\"color: #888888;\">VAZBY ST\u0158ECH<\/span><\/li>\n<\/ul>\n<\/td>\n<\/tr>\n<tr>\n<td>\n<ul>\n<li><span style=\"color: #888888;\">VAZN\u00cdKY<\/span><\/li>\n<\/ul>\n<\/td>\n<td>\n<ul>\n<li><span style=\"color: #888888;\">O\u0160ET\u0158EN\u00cd KROVU ST\u0158ECHY<\/span><\/li>\n<\/ul>\n<\/td>\n<\/tr>\n<\/tbody>\n<\/table>\n<h6><span style=\"color: #888888;\"><strong>Tesa\u0159sk\u00e9 um\u011bn\u00ed vyu\u017e\u00edv\u00e1me tak\u00e9 p\u0159i tvorb\u011b men\u0161\u00edch d\u0159ev\u011bn\u00fdch staveb na zak\u00e1zku:<\/strong><\/span><\/h6>\n<table border=\"1\" cellspacing=\"0\" cellpadding=\"1\">\n<tbody>\n<tr>\n<td>\n<ul>\n<li><span style=\"color: #888888;\">ZAHRADN\u00cd DOMKY<\/span><\/li>\n<\/ul>\n<\/td>\n<td>\n<ul>\n<li><span style=\"color: #888888;\">PERGOLY<\/span><\/li>\n<\/ul>\n<\/td>\n<\/tr>\n<tr>\n<td>\n<ul>\n<li><span style=\"color: #888888;\">ALT\u00c1NY<\/span><\/li>\n<\/ul>\n<\/td>\n<td>\n<ul>\n<li><span style=\"color: #888888;\">D\u0158EVOSTAVBY<\/span><\/li>\n<\/ul>\n<\/td>\n<\/tr>\n<\/tbody>\n<\/table>\n<p style=\"text-align: justify;\">Prov\u00e1d\u00edme kompletn\u00ed realizace st\u0159ech v\u010detn\u011b dod\u00e1vky materi\u00e1lu a odvozu p\u0159\u00edpadn\u00e9 suti. Jako\u017eto firma prov\u00e1d\u011bj\u00edc\u00ed kvalitn\u00ed stavebn\u00ed pr\u00e1ce poskytujeme na na\u0161e stavby <strong><span style=\"color: #ff0000;\">z\u00e1ruku\u00a060 m\u011bs\u00edc\u016f<\/span><\/strong>. Na materi\u00e1l m\u00e1te z\u00e1ruku dle podm\u00ednek v\u00fdrobce.<\/p>\n<table border=\"1\" cellspacing=\"0\" cellpadding=\"1\">\n<tbody>\n<tr>\n<td><span style=\"text-decoration: underline;\"><strong><span style=\"color: #888888; text-decoration: underline;\"><a href=\"http:\/\/www.mivtrade.cz\/?page_id=93\"><span style=\"color: #888888; text-decoration: underline;\"><span style=\"color: #ff6600; text-decoration: underline;\">Stavebn\u00ed pr\u00e1ce<\/span> Brno, Blansko, Vy\u0161kov, Boskovice, Adamov<\/span><\/a><\/span><\/strong><\/span><\/td>\n<td><span style=\"text-decoration: underline;\"><strong><span style=\"color: #888888; text-decoration: underline;\"><a href=\"http:\/\/www.mivtrade.cz\/?page_id=69\"><span style=\"color: #888888; text-decoration: underline;\"><span style=\"color: #ff6600; text-decoration: underline;\">Fas\u00e1dy<\/span> Brno, Blansko, Vy\u0161kov, Boskovice, Adamov<\/span><\/a><\/span><\/strong><\/span><\/td>\n<td><span style=\"text-decoration: underline;\"><strong><span style=\"color: #888888; text-decoration: underline;\"><a href=\"http:\/\/www.mivtrade.cz\/?page_id=70\"><span style=\"color: #888888; text-decoration: underline;\"><span style=\"color: #ff6600; text-decoration: underline;\">Izolace<\/span> Brno, Blansko, Vy\u0161kov, Boskovice, Adamov<\/span><\/a><\/span><\/strong><\/span><\/td>\n<\/tr>\n<\/tbody>\n<\/table>\n<pre>V p\u0159\u00edpad\u011b z\u00e1jmu o na\u0161e slu\u017eby n\u00e1s kontaktujte <a title=\"info@mivtrade.cz\" href=\"mailto:info@mivtrade.cz\" target=\"_blank\">emailem<\/a> nebo na telefonu 602 736 433.<\/pre>\n","protected":false},"excerpt":{"rendered":"<p>MIV Trade \u2013 st\u0159echy P\u0159em\u00fd\u0161l\u00edte o nov\u00e9 st\u0159e\u0161e nebo pot\u0159ebujete zrekonstruovat a upravit va\u0161i starou st\u0159echu? Hled\u00e1te specialistu na ve\u0161ker\u00e9 pr\u00e1ce souvisej\u00edc\u00ed se st\u0159echami a bydl\u00edte v okrese\u00a0Brno, Blansko, Vy\u0161kov, Boskovice, Adamov a okol\u00ed? Kvalitn\u011b a za dobrou cenu v\u00e1m va\u0161i st\u0159echu oprav\u00edme nebo postav\u00edm kompletn\u00ed novou st\u0159echu. Obra\u0165te se na na\u0161i firmu a objednejte [&hellip;]<\/p>\n","protected":false},"author":1,"featured_media":0,"parent":0,"menu_order":0,"comment_status":"closed","ping_status":"closed","template":"","meta":[],"aioseo_notices":[],"_links":{"self":[{"href":"https:\/\/www.mivtrade.cz\/index.php?rest_route=\/wp\/v2\/pages\/66"}],"collection":[{"href":"https:\/\/www.mivtrade.cz\/index.php?rest_route=\/wp\/v2\/pages"}],"about":[{"href":"https:\/\/www.mivtrade.cz\/index.php?rest_route=\/wp\/v2\/types\/page"}],"author":[{"embeddable":true,"href":"https:\/\/www.mivtrade.cz\/index.php?rest_route=\/wp\/v2\/users\/1"}],"replies":[{"embeddable":true,"href":"https:\/\/www.mivtrade.cz\/index.php?rest_route=%2Fwp%2Fv2%2Fcomments&post=66"}],"version-history":[{"count":143,"href":"https:\/\/www.mivtrade.cz\/index.php?rest_route=\/wp\/v2\/pages\/66\/revisions"}],"predecessor-version":[{"id":1151,"href":"https:\/\/www.mivtrade.cz\/index.php?rest_route=\/wp\/v2\/pages\/66\/revisions\/1151"}],"wp:attachment":[{"href":"https:\/\/www.mivtrade.cz\/index.php?rest_route=%2Fwp%2Fv2%2Fmedia&parent=66"}],"curies":[{"name":"wp","href":"https:\/\/api.w.org\/{rel}","templated":true}]}}