{"id":69,"date":"2014-02-23T23:14:10","date_gmt":"2014-02-23T22:14:10","guid":{"rendered":"http:\/\/www.mivtrade.cz\/?page_id=69"},"modified":"2016-02-01T23:57:17","modified_gmt":"2016-02-01T22:57:17","slug":"fasady","status":"publish","type":"page","link":"https:\/\/www.mivtrade.cz\/?page_id=69","title":{"rendered":"Fas\u00e1dy"},"content":{"rendered":"<h4 style=\"text-align: center;\"><span style=\"color: #888888;\"><strong><a href=\"http:\/\/www.mivtrade.cz\/wp-content\/uploads\/2014\/02\/P10506061.jpg\"><img loading=\"lazy\" class=\"aligncenter size-large wp-image-571\" alt=\"P1050606\" src=\"http:\/\/www.mivtrade.cz\/wp-content\/uploads\/2014\/02\/P10506061-1024x886.jpg\" width=\"768\" height=\"664\" srcset=\"https:\/\/www.mivtrade.cz\/wp-content\/uploads\/2014\/02\/P10506061-1024x886.jpg 1024w, https:\/\/www.mivtrade.cz\/wp-content\/uploads\/2014\/02\/P10506061-300x259.jpg 300w\" sizes=\"(max-width: 768px) 100vw, 768px\" \/><\/a><\/strong><\/span><\/h4>\n<h4 style=\"text-align: center;\"><span style=\"color: #888888;\"><strong><span style=\"color: #ff0000;\">M<\/span>IV <span style=\"color: #ff0000;\">T<\/span>rade \u2013 fas\u00e1dy<\/strong><\/span><\/h4>\n<p style=\"text-align: justify;\">Realizujeme nov\u00e9 a renovujeme star\u00e9\u00a0<strong>fas\u00e1dy<\/strong>\u00a0va\u0161ich dom\u016f. V p\u0159\u00edpad\u011b, \u017ee hled\u00e1te firmu\u00a0se zku\u0161enostmi, kter\u00e1 oprav\u00ed starou fas\u00e1du va\u0161eho domu, nebo pot\u0159ebujete zajistit\u00a0kvalitn\u00ed fas\u00e1du novostavby, pak se na n\u00e1s obra\u0165te. Specializujeme se na regiony <em>Brno, Blansko, Vy\u0161kov, Boskovice, Adamov<\/em>, v nich\u017e m\u00e1me za sebou ji\u017e des\u00edtky realizac\u00ed fas\u00e1d v\u010detn\u011b zateplov\u00e1n\u00ed.<\/p>\n<pre style=\"text-align: center;\"><span style=\"color: #ff0000;\">Zateplov\u00e1n\u00ed fas\u00e1d<\/span><\/pre>\n<p style=\"text-align: justify;\">V r\u00e1mci na\u0161\u00ed \u010dinnosti zaji\u0161\u0165ujeme kompletn\u00ed zateplov\u00e1n\u00ed polystyrenem nebo miner\u00e1ln\u00ed vatou. Dod\u00e1v\u00e1me kompletn\u00ed zateplovac\u00ed syst\u00e9my na m\u00edru.<\/p>\n<ul>\n<li><strong>Zateplov\u00e1n\u00ed fas\u00e1d panelov\u00fdch dom\u016f<\/strong><\/li>\n<li><strong>Zateplov\u00e1n\u00ed fas\u00e1d rodinn\u00fdch dom\u016f<\/strong><\/li>\n<li><strong>Zateplov\u00e1n\u00ed fas\u00e1d firemn\u00edch staveb<\/strong><\/li>\n<\/ul>\n<h5 style=\"text-align: center;\"><span style=\"color: #808080;\">Jsme v seznamu odborn\u00fdch dodavatel\u016f<\/span>\u00a0<span style=\"color: #99cc00;\"><a href=\"http:\/\/www.zelenausporam.cz\/vyhledavani\/sod\/vysledky-podle-ic-a-nazvu\/?st=27735435\"><span style=\"color: #99cc00;\">ZELEN\u00c1 \u00daSPOR\u00c1M<\/span><\/a><\/span>.<\/h5>\n<p>&nbsp;<\/p>\n<pre style=\"text-align: center;\"><span style=\"color: #ff0000;\">Informace o ZATEPLEN\u00cd fas\u00e1d<\/span><\/pre>\n<table border=\"1\" cellspacing=\"0\" cellpadding=\"1\">\n<tbody>\n<tr>\n<td>\n<h5><span style=\"color: #808080;\">ZATEPLEN\u00cd POLYSTYRENEM:<\/span><\/h5>\n<\/td>\n<td>\n<h5><span style=\"color: #808080;\">ZATEPLEN\u00cd MINER\u00c1LN\u00cd VATOU:<\/span><\/h5>\n<\/td>\n<\/tr>\n<tr>\n<td>\n<ul>\n<li>RIGIPS<\/li>\n<li>STYROTRADE<\/li>\n<li>BACHL aj.<\/li>\n<\/ul>\n<\/td>\n<td>\n<ul>\n<li>ROCWOOL<\/li>\n<li>ORSIL<\/li>\n<li>NOBASIL aj.<\/li>\n<\/ul>\n<\/td>\n<\/tr>\n<\/tbody>\n<\/table>\n<pre style=\"text-align: left;\">Zaji\u0161\u0165ujeme odborn\u00e9 posudky a poradenskou \u010dinnost na posouzen\u00ed a realizaci zateplen\u00ed fas\u00e1d.<\/pre>\n<table border=\"1\" cellspacing=\"0\" cellpadding=\"1\">\n<tbody>\n<tr>\n<td>\n<h5><span style=\"color: #888888;\">FAS\u00c1DY<\/span><\/h5>\n<\/td>\n<td>\n<h5><span style=\"color: #888888;\">ZATEPLOVAC\u00cd SYST\u00c9MY<\/span><\/h5>\n<\/td>\n<\/tr>\n<tr>\n<td>\n<ul>\n<li>MINER\u00c1LN\u00cd OM\u00cdTKY pro fas\u00e1dy<\/li>\n<li>SILIK\u00c1TOV\u00c9 OM\u00cdTKY pro fas\u00e1dy<\/li>\n<li>DISPERZN\u00cd OM\u00cdTKY pro fas\u00e1dy<\/li>\n<li>SILOXOVAN\u00c9 OM\u00cdTKY pro fas\u00e1dy<\/li>\n<li>FAS\u00c1DN\u00cd BARVY pro fas\u00e1dy<\/li>\n<\/ul>\n<\/td>\n<td>\n<ul>\n<li>TEX COLOR<\/li>\n<li>BAUMIT<\/li>\n<li>PAUL\u00cdN<\/li>\n<li>STOMIX<\/li>\n<li>WEBER TERRANOVA<\/li>\n<li>CEMIX<\/li>\n<\/ul>\n<\/td>\n<\/tr>\n<\/tbody>\n<\/table>\n<p style=\"text-align: justify;\">Prov\u00e1d\u00edme kompletn\u00ed realizace fas\u00e1d v\u010detn\u011b dod\u00e1vky materi\u00e1lu. Jako\u017eto firma prov\u00e1d\u011bj\u00edc\u00ed kvalitn\u00ed realizace fas\u00e1d poskytujeme na na\u0161e stavby z\u00e1ruku 60 m\u011bs\u00edc\u016f. Na materi\u00e1l m\u00e1te z\u00e1ruku dle podm\u00ednek v\u00fdrobce.<\/p>\n<table border=\"1\" cellspacing=\"0\" cellpadding=\"1\">\n<tbody>\n<tr>\n<td><span style=\"text-decoration: underline;\"><strong><span style=\"color: #888888; text-decoration: underline;\"><a href=\"http:\/\/www.mivtrade.cz\/?page_id=93\"><span style=\"color: #888888; text-decoration: underline;\"><span style=\"color: #ff0000; text-decoration: underline;\">Stavebn\u00ed pr\u00e1ce<\/span> Brno, Blansko, Vy\u0161kov, Boskovice, Adamov<\/span><\/a><\/span><\/strong><\/span><\/td>\n<td><span style=\"text-decoration: underline;\"><strong><span style=\"color: #888888; text-decoration: underline;\"><a href=\"http:\/\/www.mivtrade.cz\/?page_id=66\"><span style=\"color: #888888; text-decoration: underline;\"><span style=\"color: #ff0000; text-decoration: underline;\">St\u0159echy<\/span> Brno, Blansko, Vy\u0161kov, Boskovice, Adamov<\/span><\/a><\/span><\/strong><\/span><\/td>\n<td><span style=\"text-decoration: underline;\"><span style=\"color: #888888; text-decoration: underline;\"><strong><a href=\"http:\/\/www.mivtrade.cz\/?page_id=70\"><span style=\"color: #888888; text-decoration: underline;\"><span style=\"color: #ff0000; text-decoration: underline;\">Izolace<\/span> Brno, Blansko, Vy\u0161kov, Boskovice, Adamov<\/span><\/a><\/strong><\/span><\/span><\/td>\n<\/tr>\n<\/tbody>\n<\/table>\n<pre>V p\u0159\u00edpad\u011b z\u00e1jmu o na\u0161e slu\u017eby n\u00e1s kontaktujte <a title=\"info@mivtrade.cz\" href=\"mailto:info@mivtrade.cz\" target=\"_blank\">emailem<\/a> nebo na telefonu 602 736 433.<\/pre>\n","protected":false},"excerpt":{"rendered":"<p>MIV Trade \u2013 fas\u00e1dy Realizujeme nov\u00e9 a renovujeme star\u00e9\u00a0fas\u00e1dy\u00a0va\u0161ich dom\u016f. V p\u0159\u00edpad\u011b, \u017ee hled\u00e1te firmu\u00a0se zku\u0161enostmi, kter\u00e1 oprav\u00ed starou fas\u00e1du va\u0161eho domu, nebo pot\u0159ebujete zajistit\u00a0kvalitn\u00ed fas\u00e1du novostavby, pak se na n\u00e1s obra\u0165te. Specializujeme se na regiony Brno, Blansko, Vy\u0161kov, Boskovice, Adamov, v nich\u017e m\u00e1me za sebou ji\u017e des\u00edtky realizac\u00ed fas\u00e1d v\u010detn\u011b zateplov\u00e1n\u00ed. Zateplov\u00e1n\u00ed fas\u00e1d V [&hellip;]<\/p>\n","protected":false},"author":1,"featured_media":0,"parent":0,"menu_order":0,"comment_status":"closed","ping_status":"closed","template":"","meta":[],"aioseo_notices":[],"_links":{"self":[{"href":"https:\/\/www.mivtrade.cz\/index.php?rest_route=\/wp\/v2\/pages\/69"}],"collection":[{"href":"https:\/\/www.mivtrade.cz\/index.php?rest_route=\/wp\/v2\/pages"}],"about":[{"href":"https:\/\/www.mivtrade.cz\/index.php?rest_route=\/wp\/v2\/types\/page"}],"author":[{"embeddable":true,"href":"https:\/\/www.mivtrade.cz\/index.php?rest_route=\/wp\/v2\/users\/1"}],"replies":[{"embeddable":true,"href":"https:\/\/www.mivtrade.cz\/index.php?rest_route=%2Fwp%2Fv2%2Fcomments&post=69"}],"version-history":[{"count":42,"href":"https:\/\/www.mivtrade.cz\/index.php?rest_route=\/wp\/v2\/pages\/69\/revisions"}],"predecessor-version":[{"id":1155,"href":"https:\/\/www.mivtrade.cz\/index.php?rest_route=\/wp\/v2\/pages\/69\/revisions\/1155"}],"wp:attachment":[{"href":"https:\/\/www.mivtrade.cz\/index.php?rest_route=%2Fwp%2Fv2%2Fmedia&parent=69"}],"curies":[{"name":"wp","href":"https:\/\/api.w.org\/{rel}","templated":true}]}}