{"id":79,"date":"2014-02-23T23:16:35","date_gmt":"2014-02-23T22:16:35","guid":{"rendered":"http:\/\/www.mivtrade.cz\/?page_id=79"},"modified":"2017-04-07T11:59:06","modified_gmt":"2017-04-07T10:59:06","slug":"autodoprava","status":"publish","type":"page","link":"https:\/\/www.mivtrade.cz\/?page_id=79","title":{"rendered":"Autodoprava"},"content":{"rendered":"<p><a href=\"http:\/\/www.mivtrade.cz\/wp-content\/uploads\/2014\/02\/P8020326-1.jpg\"><img loading=\"lazy\" class=\"aligncenter size-large wp-image-616\" alt=\"OLYMPUS DIGITAL CAMERA\" src=\"http:\/\/www.mivtrade.cz\/wp-content\/uploads\/2014\/02\/P8020326-1-1024x465.jpg\" width=\"768\" height=\"348\" srcset=\"https:\/\/www.mivtrade.cz\/wp-content\/uploads\/2014\/02\/P8020326-1-1024x465.jpg 1024w, https:\/\/www.mivtrade.cz\/wp-content\/uploads\/2014\/02\/P8020326-1-300x136.jpg 300w, https:\/\/www.mivtrade.cz\/wp-content\/uploads\/2014\/02\/P8020326-1.jpg 1280w\" sizes=\"(max-width: 768px) 100vw, 768px\" \/><\/a><\/p>\n<p>Vlastn\u00ed dopravou zaji\u0161\u0165ujeme p\u0159evoz materi\u00e1lu na stavby v okol\u00ed Brna, Blanska, Vy\u0161kova, Boskovic, Adamova.<\/p>\n<p>D\u00e1le zaji\u0161\u0165ujeme dopravu nap\u0159. st\u0159e\u0161n\u00edch krytin od dodavatel\u016f a spolupracuj\u00edc\u00edch dopravc\u016f.<\/p>\n<p><a href=\"http:\/\/www.mivtrade.cz\/wp-content\/uploads\/2014\/02\/12052006002-1.jpg\"><img loading=\"lazy\" class=\"aligncenter size-large wp-image-617\" alt=\"12052006(002) 1\" src=\"http:\/\/www.mivtrade.cz\/wp-content\/uploads\/2014\/02\/12052006002-1-1024x453.jpg\" width=\"768\" height=\"339\" srcset=\"https:\/\/www.mivtrade.cz\/wp-content\/uploads\/2014\/02\/12052006002-1-1024x453.jpg 1024w, https:\/\/www.mivtrade.cz\/wp-content\/uploads\/2014\/02\/12052006002-1-300x132.jpg 300w, https:\/\/www.mivtrade.cz\/wp-content\/uploads\/2014\/02\/12052006002-1.jpg 1274w\" sizes=\"(max-width: 768px) 100vw, 768px\" \/><\/a><\/p>\n","protected":false},"excerpt":{"rendered":"<p>Vlastn\u00ed dopravou zaji\u0161\u0165ujeme p\u0159evoz materi\u00e1lu na stavby v okol\u00ed Brna, Blanska, Vy\u0161kova, Boskovic, Adamova. D\u00e1le zaji\u0161\u0165ujeme dopravu nap\u0159. st\u0159e\u0161n\u00edch krytin od dodavatel\u016f a spolupracuj\u00edc\u00edch dopravc\u016f.<\/p>\n","protected":false},"author":1,"featured_media":0,"parent":5,"menu_order":0,"comment_status":"closed","ping_status":"closed","template":"page-template-full.php","meta":[],"aioseo_notices":[],"_links":{"self":[{"href":"https:\/\/www.mivtrade.cz\/index.php?rest_route=\/wp\/v2\/pages\/79"}],"collection":[{"href":"https:\/\/www.mivtrade.cz\/index.php?rest_route=\/wp\/v2\/pages"}],"about":[{"href":"https:\/\/www.mivtrade.cz\/index.php?rest_route=\/wp\/v2\/types\/page"}],"author":[{"embeddable":true,"href":"https:\/\/www.mivtrade.cz\/index.php?rest_route=\/wp\/v2\/users\/1"}],"replies":[{"embeddable":true,"href":"https:\/\/www.mivtrade.cz\/index.php?rest_route=%2Fwp%2Fv2%2Fcomments&post=79"}],"version-history":[{"count":2,"href":"https:\/\/www.mivtrade.cz\/index.php?rest_route=\/wp\/v2\/pages\/79\/revisions"}],"predecessor-version":[{"id":615,"href":"https:\/\/www.mivtrade.cz\/index.php?rest_route=\/wp\/v2\/pages\/79\/revisions\/615"}],"up":[{"embeddable":true,"href":"https:\/\/www.mivtrade.cz\/index.php?rest_route=\/wp\/v2\/pages\/5"}],"wp:attachment":[{"href":"https:\/\/www.mivtrade.cz\/index.php?rest_route=%2Fwp%2Fv2%2Fmedia&parent=79"}],"curies":[{"name":"wp","href":"https:\/\/api.w.org\/{rel}","templated":true}]}}