{"id":82,"date":"2014-02-23T23:17:56","date_gmt":"2014-02-23T22:17:56","guid":{"rendered":"http:\/\/www.mivtrade.cz\/?page_id=82"},"modified":"2016-02-01T23:50:02","modified_gmt":"2016-02-01T22:50:02","slug":"zelena-usporam","status":"publish","type":"page","link":"https:\/\/www.mivtrade.cz\/?page_id=82","title":{"rendered":"Zelen\u00e1 \u00faspor\u00e1m"},"content":{"rendered":"<h5 style=\"text-align: center;\"><span style=\"color: #ff0000;\">DOTACE BEZ RIZIKA<\/span> = <span style=\"color: #99cc00;\">Zelen\u00e1 \u00faspor\u00e1m<\/span><\/h5>\n<pre style=\"text-align: center;\"><strong>Chyst\u00e1te se zateplit, vym\u011bnit okna... nebo stav\u011bt d\u016fm? Chcete u\u0161et\u0159it?<\/strong> Pom\u016f\u017eeme V\u00e1m.\r\n Program pro zaji\u0161t\u011bn\u00ed dotace z programu <span style=\"color: #99cc00;\">SF\u017dP - ZELEN\u00c1 \u00daSPOR\u00c1M<\/span>.\r\n <span style=\"color: #ff0000;\">MIVTrade je partnerem AtelierDEK pro zpracov\u00e1n\u00ed \u017e\u00e1dost\u00ed.<\/span><\/pre>\n<h5><span style=\"color: #888888;\">Na rodinn\u00fdch i bytov\u00fdch domech pro V\u00e1s:<\/span><\/h5>\n<ul>\n<li><span style=\"color: #888888;\">zpracujeme kompletn\u00ed technick\u00e9 dokumentace k \u017e\u00e1dosti<\/span><\/li>\n<li><span style=\"color: #888888;\">doporu\u010d\u00edme partnera pro finan\u010dn\u00ed, pr\u00e1vn\u00ed a poradensk\u00fd servis<\/span><\/li>\n<li><span style=\"color: #888888;\">naprojektujeme materi\u00e1ly a v\u00fdrobky zaregistrovan\u00e9 v SVT<\/span><\/li>\n<li><span style=\"color: #888888;\">provedeme kompletn\u00ed stavbu jsme realiza\u010dn\u00ed firmou zaregistrovanou v SOD<\/span><\/li>\n<\/ul>\n<ul>\n<li><span style=\"color: #0000ff;\"><a title=\"kalkula\u010dka \" href=\"http:\/\/kalkulacka.novazelenausporam.cz\"><span style=\"color: #0000ff;\">http:\/\/kalkulacka.novazelenausporam.cz<\/span><\/a><\/span><\/li>\n<\/ul>\n<h5><span style=\"font-family: Consolas, Monaco, monospace; font-weight: normal; line-height: 18px;\">V p\u0159\u00edpad\u011b z\u00e1jmu o na\u0161e slu\u017eby n\u00e1s kontaktujte <\/span><a style=\"font-family: Consolas, Monaco, monospace; font-weight: normal; line-height: 18px;\" title=\"info@mivtrade.cz\" href=\"mailto:info@mivtrade.cz\">emailem<\/a><span style=\"font-family: Consolas, Monaco, monospace; font-weight: normal; line-height: 18px;\"> nebo na telefonu 602 736 433.<\/span><\/h5>\n<p><span style=\"color: #888888;\"><strong><a href=\"http:\/\/www.mivtrade.cz\/?page_id=70\"><span style=\"color: #888888;\"><span style=\"color: #ff0000;\">Izolace<\/span> Brno, Blansko, Vy\u0161kov, Boskovice, Adamov<\/span><\/a><\/strong><\/span><\/p>\n<table border=\"1\" cellspacing=\"0\" cellpadding=\"1\">\n<tbody>\n<tr>\n<td><strong><span style=\"color: #888888;\"><a href=\"http:\/\/www.mivtrade.cz\/?page_id=93\"><span style=\"color: #888888;\"><span style=\"color: #ff0000;\">Stavebn\u00ed pr\u00e1ce<\/span> Brno, Blansko, Vy\u0161kov, Boskovice, Adamov<\/span><\/a><\/span><\/strong><\/td>\n<td><strong><span style=\"color: #888888;\"><a href=\"http:\/\/www.mivtrade.cz\/?page_id=66\"><span style=\"color: #888888;\"><span style=\"color: #ff0000;\">St\u0159echy<\/span> Brno, Blansko, Vy\u0161kov, Boskovice, Adamov<\/span><\/a><\/span><\/strong><\/td>\n<td><span style=\"color: #888888;\"><strong><a href=\"http:\/\/www.mivtrade.cz\/?page_id=69\"><span style=\"color: #888888;\"><span style=\"color: #ff0000;\">Fas\u00e1dy<\/span> Brno, Blansko, Vy\u0161kov, Boskovice, Adamov<\/span><\/a><\/strong><\/span><\/td>\n<\/tr>\n<\/tbody>\n<\/table>\n","protected":false},"excerpt":{"rendered":"<p>DOTACE BEZ RIZIKA = Zelen\u00e1 \u00faspor\u00e1m Chyst\u00e1te se zateplit, vym\u011bnit okna&#8230; nebo stav\u011bt d\u016fm? Chcete u\u0161et\u0159it? Pom\u016f\u017eeme V\u00e1m. Program pro zaji\u0161t\u011bn\u00ed dotace z programu SF\u017dP &#8211; ZELEN\u00c1 \u00daSPOR\u00c1M. MIVTrade je partnerem AtelierDEK pro zpracov\u00e1n\u00ed \u017e\u00e1dost\u00ed. Na rodinn\u00fdch i bytov\u00fdch domech pro V\u00e1s: zpracujeme kompletn\u00ed technick\u00e9 dokumentace k \u017e\u00e1dosti doporu\u010d\u00edme partnera pro finan\u010dn\u00ed, pr\u00e1vn\u00ed a poradensk\u00fd [&hellip;]<\/p>\n","protected":false},"author":1,"featured_media":0,"parent":5,"menu_order":0,"comment_status":"closed","ping_status":"closed","template":"","meta":[],"aioseo_notices":[],"_links":{"self":[{"href":"https:\/\/www.mivtrade.cz\/index.php?rest_route=\/wp\/v2\/pages\/82"}],"collection":[{"href":"https:\/\/www.mivtrade.cz\/index.php?rest_route=\/wp\/v2\/pages"}],"about":[{"href":"https:\/\/www.mivtrade.cz\/index.php?rest_route=\/wp\/v2\/types\/page"}],"author":[{"embeddable":true,"href":"https:\/\/www.mivtrade.cz\/index.php?rest_route=\/wp\/v2\/users\/1"}],"replies":[{"embeddable":true,"href":"https:\/\/www.mivtrade.cz\/index.php?rest_route=%2Fwp%2Fv2%2Fcomments&post=82"}],"version-history":[{"count":22,"href":"https:\/\/www.mivtrade.cz\/index.php?rest_route=\/wp\/v2\/pages\/82\/revisions"}],"predecessor-version":[{"id":1149,"href":"https:\/\/www.mivtrade.cz\/index.php?rest_route=\/wp\/v2\/pages\/82\/revisions\/1149"}],"up":[{"embeddable":true,"href":"https:\/\/www.mivtrade.cz\/index.php?rest_route=\/wp\/v2\/pages\/5"}],"wp:attachment":[{"href":"https:\/\/www.mivtrade.cz\/index.php?rest_route=%2Fwp%2Fv2%2Fmedia&parent=82"}],"curies":[{"name":"wp","href":"https:\/\/api.w.org\/{rel}","templated":true}]}}