{"id":85,"date":"2014-02-23T23:18:12","date_gmt":"2014-02-23T22:18:12","guid":{"rendered":"http:\/\/www.mivtrade.cz\/?page_id=85"},"modified":"2021-03-30T10:08:46","modified_gmt":"2021-03-30T09:08:46","slug":"kontakty","status":"publish","type":"page","link":"https:\/\/www.mivtrade.cz\/?page_id=85","title":{"rendered":"Kontakty"},"content":{"rendered":"<h5><\/h5>\n<h5><span style=\"color: #000080;\"><span style=\"color: #ff0000;\">M<\/span>IV<span style=\"color: #ff0000;\">T<\/span>rade s.r.o.\u00a0<\/span><\/h5>\n<p><strong>Adresa:\u00a0<\/strong><\/p>\n<p>Pra\u017esk\u00e1 66, 678 01 Blansko<\/p>\n<p>Brn\u011bnsk\u00e1 17, 682 01 Vy\u0161kov<\/p>\n<p>I\u010c: 277 35 435<\/p>\n<table border=\"1\" cellspacing=\"0\" cellpadding=\"1\">\n<tbody>\n<tr>\n<td><a href=\"mailto:info@mivtrade.cz\">\u00a0<\/a><\/td>\n<td><strong>\u0158editel, jednatel<\/strong><br \/>\nMichael Vlad\u00edk<br \/>\nemail:\u00a0<a href=\"mailto:vladik@mivtrade.cz\">vladik@mivtrade.cz<\/a><br \/>\ntel: 602 736 433<\/td>\n<td><strong>Manager HSV<\/strong><br \/>\nIng. Franti\u0161ek Kobylka<br \/>\nemail:\u00a0<a href=\"mailto:kobylka@mivtrade.cz\">kobylka@mivtrade.cz<\/a><br \/>\ntel: 602 517 126<\/td>\n<\/tr>\n<\/tbody>\n<tbody>\n<tr>\n<td><\/td>\n<td><strong>\u00a0<strong>Info<\/strong><br \/>\nemail:\u00a0<a href=\"mailto:info@mivtrade.cz\">info@mivtrade.cz<\/a><\/strong><\/td>\n<td><strong>Technik stavebn\u00ed v\u00fdroby-le\u0161en\u00e1\u0159sk\u00e9 pr\u00e1ce<\/strong><\/td>\n<\/tr>\n<\/tbody>\n<\/table>\n<p><a title=\"V\u00fdpis obchodn\u00edho rejst\u0159\u00edku\" href=\"https:\/\/or.justice.cz\/ias\/ui\/rejstrik-firma.vysledky?subjektId=627259&amp;typ=PLATNY\">V\u00fdpis obchodn\u00edho rejst\u0159\u00edku<\/a><br \/>\n<a href=\"http:\/\/www.rzp.cz\/cgi-bin\/aps_cacheWEB.sh?VSS_SERV=ZVWSBJFND&amp;Action=Search&amp;PRESVYBER=0&amp;PODLE=subjekt&amp;ICO=27735435&amp;OBCHJM=&amp;OKRES=&amp;OBEC=&amp;CASTOBCE=&amp;ULICE=&amp;COR=&amp;COZ=&amp;CDOM=&amp;VYPIS=1\">V\u00fdpis \u017eivnostensk\u00fd rejst\u0159\u00edk<\/a><\/p>\n<p><a href=\"http:\/\/www.mivtrade.cz\/wp-content\/uploads\/2014\/02\/MIV-Pra\u017esk\u00e1-adresa.jpg\"><img loading=\"lazy\" class=\"alignleft size-medium wp-image-1004\" src=\"http:\/\/www.mivtrade.cz\/wp-content\/uploads\/2014\/02\/MIV-Pra\u017esk\u00e1-adresa-300x195.jpg\" alt=\"MIV Pra\u017esk\u00e1 adresa\" width=\"300\" height=\"195\" srcset=\"https:\/\/www.mivtrade.cz\/wp-content\/uploads\/2014\/02\/MIV-Pra\u017esk\u00e1-adresa-300x195.jpg 300w, https:\/\/www.mivtrade.cz\/wp-content\/uploads\/2014\/02\/MIV-Pra\u017esk\u00e1-adresa-1024x665.jpg 1024w, https:\/\/www.mivtrade.cz\/wp-content\/uploads\/2014\/02\/MIV-Pra\u017esk\u00e1-adresa.jpg 1280w\" sizes=\"(max-width: 300px) 100vw, 300px\" \/><\/a><a href=\"http:\/\/www.mivtrade.cz\/wp-content\/uploads\/2014\/02\/MIV-Brn\u011bnsk\u00e1.jpg\"><img loading=\"lazy\" class=\"alignleft size-medium wp-image-953\" src=\"http:\/\/www.mivtrade.cz\/wp-content\/uploads\/2014\/02\/MIV-Brn\u011bnsk\u00e1-300x191.jpg\" alt=\"MIV Brn\u011bnsk\u00e1\" width=\"300\" height=\"191\" srcset=\"https:\/\/www.mivtrade.cz\/wp-content\/uploads\/2014\/02\/MIV-Brn\u011bnsk\u00e1-300x191.jpg 300w, https:\/\/www.mivtrade.cz\/wp-content\/uploads\/2014\/02\/MIV-Brn\u011bnsk\u00e1-1024x652.jpg 1024w, https:\/\/www.mivtrade.cz\/wp-content\/uploads\/2014\/02\/MIV-Brn\u011bnsk\u00e1.jpg 1280w\" sizes=\"(max-width: 300px) 100vw, 300px\" \/><\/a><\/p>\n<table style=\"height: 234px;\" border=\"1\" width=\"330\" cellspacing=\"0\" cellpadding=\"1\">\n<tbody>\n<tr>\n<td><b>Pobo\u010dka Vy\u0161kov\u00a0<\/b><\/p>\n<p>email: <a href=\"http:\/\/http:\/\/www.mivtrade.cz\/?page_id=85\">vyskov@mivtrade.cz<\/a>tel: 602 240 930<\/td>\n<\/tr>\n<\/tbody>\n<\/table>\n","protected":false},"excerpt":{"rendered":"<p>MIVTrade s.r.o.\u00a0 Adresa:\u00a0 Pra\u017esk\u00e1 66, 678 01 Blansko Brn\u011bnsk\u00e1 17, 682 01 Vy\u0161kov I\u010c: 277 35 435 \u00a0 \u0158editel, jednatel Michael Vlad\u00edk email:\u00a0vladik@mivtrade.cz tel: 602 736 433 Manager HSV Ing. Franti\u0161ek Kobylka email:\u00a0kobylka@mivtrade.cz tel: 602 517 126 \u00a0Info email:\u00a0info@mivtrade.cz Technik stavebn\u00ed v\u00fdroby-le\u0161en\u00e1\u0159sk\u00e9 pr\u00e1ce V\u00fdpis obchodn\u00edho rejst\u0159\u00edku V\u00fdpis \u017eivnostensk\u00fd rejst\u0159\u00edk Pobo\u010dka Vy\u0161kov\u00a0 email: vyskov@mivtrade.cztel: 602 240 [&hellip;]<\/p>\n","protected":false},"author":1,"featured_media":0,"parent":0,"menu_order":20,"comment_status":"closed","ping_status":"closed","template":"","meta":[],"aioseo_notices":[],"_links":{"self":[{"href":"https:\/\/www.mivtrade.cz\/index.php?rest_route=\/wp\/v2\/pages\/85"}],"collection":[{"href":"https:\/\/www.mivtrade.cz\/index.php?rest_route=\/wp\/v2\/pages"}],"about":[{"href":"https:\/\/www.mivtrade.cz\/index.php?rest_route=\/wp\/v2\/types\/page"}],"author":[{"embeddable":true,"href":"https:\/\/www.mivtrade.cz\/index.php?rest_route=\/wp\/v2\/users\/1"}],"replies":[{"embeddable":true,"href":"https:\/\/www.mivtrade.cz\/index.php?rest_route=%2Fwp%2Fv2%2Fcomments&post=85"}],"version-history":[{"count":71,"href":"https:\/\/www.mivtrade.cz\/index.php?rest_route=\/wp\/v2\/pages\/85\/revisions"}],"predecessor-version":[{"id":2384,"href":"https:\/\/www.mivtrade.cz\/index.php?rest_route=\/wp\/v2\/pages\/85\/revisions\/2384"}],"wp:attachment":[{"href":"https:\/\/www.mivtrade.cz\/index.php?rest_route=%2Fwp%2Fv2%2Fmedia&parent=85"}],"curies":[{"name":"wp","href":"https:\/\/api.w.org\/{rel}","templated":true}]}}