{"id":93,"date":"2014-02-25T22:34:05","date_gmt":"2014-02-25T21:34:05","guid":{"rendered":"http:\/\/www.mivtrade.cz\/?page_id=93"},"modified":"2016-02-01T23:58:24","modified_gmt":"2016-02-01T22:58:24","slug":"stavby","status":"publish","type":"page","link":"https:\/\/www.mivtrade.cz\/?page_id=93","title":{"rendered":"Stavby"},"content":{"rendered":"<h4 style=\"text-align: center;\"><span style=\"color: #808080;\"><strong><a href=\"http:\/\/www.mivtrade.cz\/wp-content\/uploads\/2014\/02\/Kun\u0161t\u00e1t-b.jpg\"><img loading=\"lazy\" class=\"aligncenter size-large wp-image-626\" alt=\"OLYMPUS DIGITAL CAMERA\" src=\"http:\/\/www.mivtrade.cz\/wp-content\/uploads\/2014\/02\/Kun\u0161t\u00e1t-b-1024x534.jpg\" width=\"768\" height=\"400\" srcset=\"https:\/\/www.mivtrade.cz\/wp-content\/uploads\/2014\/02\/Kun\u0161t\u00e1t-b-1024x534.jpg 1024w, https:\/\/www.mivtrade.cz\/wp-content\/uploads\/2014\/02\/Kun\u0161t\u00e1t-b-300x156.jpg 300w, https:\/\/www.mivtrade.cz\/wp-content\/uploads\/2014\/02\/Kun\u0161t\u00e1t-b.jpg 1280w\" sizes=\"(max-width: 768px) 100vw, 768px\" \/><\/a><\/strong><\/span><\/h4>\n<h4 style=\"text-align: center;\"><span style=\"color: #808080;\"><strong>Stavebn\u00ed firma <span style=\"color: #ff0000;\">M<\/span>IV\u00a0<span style=\"color: #ff0000;\">T<\/span>rade prov\u00e1d\u00ed tyto \u010dinnosti:<\/strong><\/span><\/h4>\n<table border=\"0\" cellspacing=\"0\" cellpadding=\"0\">\n<tbody>\n<tr>\n<td>\n<ul>\n<li><strong><span style=\"color: #000000;\">Stavba rodinn\u00fdch dom\u016f<\/span><\/strong> (Brno, Blansko, Vy\u0161kov, Boskovice, Adamov).<\/li>\n<li><strong>Stavba n\u00edzkoenergetick\u00fdch dom\u016f<\/strong> (Brno, Blansko, Vy\u0161kov, Boskovice, Adamov).<\/li>\n<li><strong>D\u0159evostavby<\/strong> (Brno, Blansko, Vy\u0161kov, Boskovice, Adamov).<\/li>\n<li><strong>Vestavby<\/strong> (Brno, Blansko, Vy\u0161kov, Boskovice, Adamov).<\/li>\n<\/ul>\n<\/td>\n<td>\n<ul>\n<li><strong>N\u00e1stavby<\/strong> (Brno,Blansko, Vy\u0161kov, Boskovice, Adamov).<\/li>\n<li><strong>Hrub\u00e9 stavby<\/strong> (Brno, Blansko, Vy\u0161kov, Boskovice, Adamov).<\/li>\n<li><strong>Gabiony<\/strong> (Brno, Blansko, Vy\u0161kov, Boskovice, Adamov).<\/li>\n<\/ul>\n<\/td>\n<\/tr>\n<\/tbody>\n<\/table>\n<p style=\"text-align: justify;\"><span style=\"color: #ff0000;\"><strong>U na\u0161\u00ed stavebn\u00ed firmy m\u016f\u017eete objednat<\/strong><\/span>\u00a0tak\u00e9 zemn\u00ed, v\u00fdkopov\u00e9 a pomocn\u00e9 pr\u00e1ce, demolice, bour\u00e1n\u00ed a likvidace objekt\u016f. Realizujeme tak\u00e9 odvoz suti v oblastech Brno, Blansko, Vy\u0161kov, Boskovice, Adamov a okol\u00ed.<\/p>\n<p style=\"text-align: justify;\">Mimo v\u00fd\u0161e uveden\u00fdch \u010dinnost\u00ed realizuje stavebn\u00ed firma MIV Trade tak\u00e9 ve\u0161ker\u00e9 slu\u017eby souvisej\u00edc\u00ed se zateplov\u00e1n\u00edm, izolacemi, realizacemi st\u0159ech a fas\u00e1d. V p\u0159\u00edpad\u011b z\u00e1jmu z\u00edsk\u00e1te v\u00edce informac\u00ed na n\u00ed\u017ee uveden\u00fdch odkazech:<\/p>\n<table border=\"1\" cellspacing=\"0\" cellpadding=\"1\">\n<tbody>\n<tr>\n<td><span style=\"text-decoration: underline;\"><strong><span style=\"color: #888888; text-decoration: underline;\"><a href=\"http:\/\/www.mivtrade.cz\/?page_id=66\"><span style=\"color: #888888; text-decoration: underline;\"><span style=\"color: #ff0000; text-decoration: underline;\">St\u0159echy<\/span> Brno, Blansko, Vy\u0161kov, Boskovice, Adamov<\/span><\/a><\/span><\/strong><\/span><\/td>\n<td><span style=\"text-decoration: underline;\"><strong><span style=\"color: #888888; text-decoration: underline;\"><a href=\"http:\/\/www.mivtrade.cz\/?page_id=69\"><span style=\"color: #888888; text-decoration: underline;\"><span style=\"color: #ff0000; text-decoration: underline;\">Fas\u00e1dy<\/span> Brno, Blansko, Vy\u0161kov, Boskovice, Adamov<\/span><\/a><\/span><\/strong><\/span><\/td>\n<td><a title=\"Izolace\" href=\"http:\/\/www.mivtrade.cz\/?page_id=70\"><span style=\"text-decoration: underline;\"><strong><span style=\"color: #888888; text-decoration: underline;\"><span style=\"color: #888888; text-decoration: underline;\"><span style=\"color: #ff0000; text-decoration: underline;\">I<\/span><span style=\"color: #ff0000; text-decoration: underline;\">zolace<\/span> Brno, Blansko, Vy\u0161kov, Boskovice, Adamov<\/span><\/span><\/strong><\/span><\/a><\/td>\n<\/tr>\n<\/tbody>\n<\/table>\n<p style=\"text-align: justify;\">N\u00e1mi prov\u00e1d\u011bn\u00e9 stavebn\u00ed pr\u00e1ce obsahuj\u00ed nejen kompletn\u00ed realizaci stavby v\u010detn\u011b dod\u00e1vky materi\u00e1lu, ale tak\u00e9 odvoz p\u0159\u00edpadn\u00e9 suti. Jako\u017eto\u00a0<span style=\"color: #ff0000;\"><strong>firma prov\u00e1d\u011bj\u00edc\u00ed kvalitn\u00ed stavebn\u00ed pr\u00e1ce<\/strong><\/span>\u00a0poskytujeme na na\u0161e stavby z\u00e1ruku 60 m\u011bs\u00edc\u016f. Na materi\u00e1l m\u00e1te z\u00e1ruku dle podm\u00ednek v\u00fdrobce.<\/p>\n<pre><span style=\"color: #888888;\">V p\u0159\u00edpad\u011b z\u00e1jmu o na\u0161e slu\u017eby n\u00e1s kontaktujte <a title=\"info@mivtrade.cz\" href=\"mailto:info@mivtrade.cz\" target=\"_blank\">emailem<\/a> nebo na telefonu 602 736 433.<\/span><\/pre>\n","protected":false},"excerpt":{"rendered":"<p>Stavebn\u00ed firma MIV\u00a0Trade prov\u00e1d\u00ed tyto \u010dinnosti: Stavba rodinn\u00fdch dom\u016f (Brno, Blansko, Vy\u0161kov, Boskovice, Adamov). Stavba n\u00edzkoenergetick\u00fdch dom\u016f (Brno, Blansko, Vy\u0161kov, Boskovice, Adamov). D\u0159evostavby (Brno, Blansko, Vy\u0161kov, Boskovice, Adamov). Vestavby (Brno, Blansko, Vy\u0161kov, Boskovice, Adamov). N\u00e1stavby (Brno,Blansko, Vy\u0161kov, Boskovice, Adamov). Hrub\u00e9 stavby (Brno, Blansko, Vy\u0161kov, Boskovice, Adamov). Gabiony (Brno, Blansko, Vy\u0161kov, Boskovice, Adamov). U na\u0161\u00ed stavebn\u00ed [&hellip;]<\/p>\n","protected":false},"author":1,"featured_media":0,"parent":0,"menu_order":2,"comment_status":"closed","ping_status":"closed","template":"","meta":[],"aioseo_notices":[],"_links":{"self":[{"href":"https:\/\/www.mivtrade.cz\/index.php?rest_route=\/wp\/v2\/pages\/93"}],"collection":[{"href":"https:\/\/www.mivtrade.cz\/index.php?rest_route=\/wp\/v2\/pages"}],"about":[{"href":"https:\/\/www.mivtrade.cz\/index.php?rest_route=\/wp\/v2\/types\/page"}],"author":[{"embeddable":true,"href":"https:\/\/www.mivtrade.cz\/index.php?rest_route=\/wp\/v2\/users\/1"}],"replies":[{"embeddable":true,"href":"https:\/\/www.mivtrade.cz\/index.php?rest_route=%2Fwp%2Fv2%2Fcomments&post=93"}],"version-history":[{"count":78,"href":"https:\/\/www.mivtrade.cz\/index.php?rest_route=\/wp\/v2\/pages\/93\/revisions"}],"predecessor-version":[{"id":1156,"href":"https:\/\/www.mivtrade.cz\/index.php?rest_route=\/wp\/v2\/pages\/93\/revisions\/1156"}],"wp:attachment":[{"href":"https:\/\/www.mivtrade.cz\/index.php?rest_route=%2Fwp%2Fv2%2Fmedia&parent=93"}],"curies":[{"name":"wp","href":"https:\/\/api.w.org\/{rel}","templated":true}]}}